{"id":79,"date":"2021-04-04T11:10:52","date_gmt":"2021-04-04T09:10:52","guid":{"rendered":"http:\/\/sdhlochkov.js-klima.cz\/?page_id=79"},"modified":"2026-02-18T20:15:05","modified_gmt":"2026-02-18T19:15:05","slug":"mladi-hasici","status":"publish","type":"page","link":"https:\/\/www.sdhlochkov.cz\/index.php\/mladi-hasici\/","title":{"rendered":"Ml\u00e1de\u017e"},"content":{"rendered":"\n<p><\/p>\n\n\n\n<figure class=\"wp-block-image size-large\"><img loading=\"lazy\" width=\"734\" height=\"1024\" src=\"http:\/\/www.sdhlochkov.cz\/wp-content\/uploads\/2026\/01\/Fotka-mladez-734x1024.jpg\" alt=\"\" class=\"wp-image-624\" srcset=\"https:\/\/www.sdhlochkov.cz\/wp-content\/uploads\/2026\/01\/Fotka-mladez-734x1024.jpg 734w, https:\/\/www.sdhlochkov.cz\/wp-content\/uploads\/2026\/01\/Fotka-mladez-215x300.jpg 215w, https:\/\/www.sdhlochkov.cz\/wp-content\/uploads\/2026\/01\/Fotka-mladez-768x1071.jpg 768w, https:\/\/www.sdhlochkov.cz\/wp-content\/uploads\/2026\/01\/Fotka-mladez-1101x1536.jpg 1101w, https:\/\/www.sdhlochkov.cz\/wp-content\/uploads\/2026\/01\/Fotka-mladez-1469x2048.jpg 1469w, https:\/\/www.sdhlochkov.cz\/wp-content\/uploads\/2026\/01\/Fotka-mladez-scaled.jpg 1836w\" sizes=\"(max-width: 734px) 100vw, 734px\" \/><\/figure>\n\n\n\n<p><strong>\u010cinnost mlad\u00fdch hasi\u010d\u016f<\/strong><\/p>\n\n\n\n<p>Sbor dobrovoln\u00fdch hasi\u010d\u016f Praha &#8211; Lochkov podporuje a rozv\u00edj\u00ed z\u00e1jmy d\u011bt\u00ed a ml\u00e1de\u017ee prost\u0159ednictv\u00edm v\u0161estrann\u00e9 \u010dinnosti v kolektivu mlad\u00fdch hasi\u010d\u016f p\u0159i pravideln\u00e9 celoro\u010dn\u00ed \u010dinnosti, preventivn\u011b v\u00fdchovn\u00e9 \u010dinnosti v oblasti po\u017e\u00e1rn\u00ed ochrany, vzd\u011bl\u00e1vac\u00edch akc\u00ed, prevenc\u00ed a dal\u0161\u00edch aktivit.<\/p>\n\n\n\n<p>V na\u0161em sboru je v roce 2024 registrov\u00e1n kolektiv mal\u00fdch hasi\u010d\u016f, kter\u00fd s\u010d\u00edt\u00e1 36 \u010dlen\u016f. D\u011bti se pravideln\u011b sch\u00e1z\u00ed 1x t\u00fddn\u011b, ke sv\u00fdm sch\u016fzk\u00e1m vyu\u017e\u00edvaj\u00ed zejm\u00e9na prostory hasi\u010dsk\u00e9 zbrojnice a nov\u011b z\u0159\u00edzenou hasi\u010dskou dr\u00e1hu s p\u0159ek\u00e1\u017ekami. Sch\u016fzky se konaj\u00ed v\u017edy ve st\u0159edu, od 17:30 do 18:30 hodin.<\/p>\n\n\n\n<p>Pl\u00e1novan\u00e9 sout\u011b\u017ee, kter\u00fdch se na\u0161i d\u011bti \u00fa\u010dastn\u00ed, a na kter\u00e9 se celoro\u010dn\u011b p\u0159ipravuj\u00ed jsou Zimn\u00ed poh\u00e1r v uzlov\u00e1n\u00ed, Hra Plamen, Memori\u00e1l Lipence, Zli\u010d\u00ednsk\u00fd dvojboj, Z\u00e1vod hasi\u010dsk\u00e9 v\u0161estrannosti a brannosti, Memori\u00e1l Marty Habadov\u00e9. P\u0159ipravuj\u00ed se nejen v r\u00e1mci st\u0159ede\u010dn\u00edch sch\u016fzek, ale i soust\u0159ed\u011bn\u00ed, kter\u00e9 se kon\u00e1 v Lochkov\u011b na hasi\u010dsk\u00e9 zbrojnici.<\/p>\n\n\n\n<p>Na\u0161\u00edm c\u00edlem je v souladu se Stanovami SH \u010cMS organizovat sportovn\u011b \u2013 organiza\u010dn\u00ed, informa\u010dn\u00ed, propaga\u010dn\u00ed a osv\u011btovou \u010dinnost v r\u00e1mci zapojen\u00ed do sportovn\u00edch a v\u0161eobecn\u011b t\u011blov\u00fdchovn\u00fdch aktivit, jako jsou sout\u011b\u017ee, \u0161kolen\u00ed, zkou\u0161ky, soust\u0159ed\u011bn\u00ed a dal\u0161\u00ed; vytv\u00e1\u0159et pro tyto \u010dinnosti materi\u00e1ln\u00ed a person\u00e1ln\u00ed podm\u00ednky a zaji\u0161\u0165ovat v t\u00e9to oblasti \u0161irokou informovanost.<\/p>\n\n\n\n<p>Aktu\u00e1ln\u011b m\u00e1me:<\/p>\n\n\n\n<p>P\u0159\u00edpravka &#8211; 8 d\u011bt\u00ed<\/p>\n\n\n\n<p>Mlad\u0161\u00ed\/star\u0161\u00ed &#8211; 17 d\u011bt\u00ed.<\/p>\n\n\n\n<p>\u010clensk\u00fd p\u0159\u00edsp\u011bvek na rok 2025 je 800 k\u010d.<\/p>\n\n\n\n<p>V p\u0159\u00edpad\u011b pot\u0159eby kontaktujte vedouc\u00edho ml\u00e1de\u017ee email:  mladez.sdhlochkov@seznam.cz<\/p>\n","protected":false},"excerpt":{"rendered":"<p>\u010cinnost mlad\u00fdch hasi\u010d\u016f Sbor dobrovoln\u00fdch hasi\u010d\u016f Praha &#8211; Lochkov podporuje a rozv\u00edj\u00ed z\u00e1jmy d\u011bt\u00ed a ml\u00e1de\u017ee prost\u0159ednictv\u00edm v\u0161estrann\u00e9 \u010dinnosti v kolektivu mlad\u00fdch hasi\u010d\u016f p\u0159i pravideln\u00e9 celoro\u010dn\u00ed \u010dinnosti, preventivn\u011b v\u00fdchovn\u00e9 \u010dinnosti v oblasti po\u017e\u00e1rn\u00ed ochrany, vzd\u011bl\u00e1vac\u00edch akc\u00ed, prevenc\u00ed a dal\u0161\u00edch aktivit. V na\u0161em sboru je v roce 2024 registrov\u00e1n kolektiv mal\u00fdch hasi\u010d\u016f, kter\u00fd s\u010d\u00edt\u00e1 36 \u010dlen\u016f. &hellip; <\/p>\n<p class=\"link-more\"><a href=\"https:\/\/www.sdhlochkov.cz\/index.php\/mladi-hasici\/\" class=\"more-link\">Continue reading<span class=\"screen-reader-text\"> &#8222;Ml\u00e1de\u017e&#8220;<\/span><\/a><\/p>\n","protected":false},"author":8,"featured_media":0,"parent":0,"menu_order":0,"comment_status":"closed","ping_status":"closed","template":"","meta":[],"_links":{"self":[{"href":"https:\/\/www.sdhlochkov.cz\/index.php\/wp-json\/wp\/v2\/pages\/79"}],"collection":[{"href":"https:\/\/www.sdhlochkov.cz\/index.php\/wp-json\/wp\/v2\/pages"}],"about":[{"href":"https:\/\/www.sdhlochkov.cz\/index.php\/wp-json\/wp\/v2\/types\/page"}],"author":[{"embeddable":true,"href":"https:\/\/www.sdhlochkov.cz\/index.php\/wp-json\/wp\/v2\/users\/8"}],"replies":[{"embeddable":true,"href":"https:\/\/www.sdhlochkov.cz\/index.php\/wp-json\/wp\/v2\/comments?post=79"}],"version-history":[{"count":19,"href":"https:\/\/www.sdhlochkov.cz\/index.php\/wp-json\/wp\/v2\/pages\/79\/revisions"}],"predecessor-version":[{"id":641,"href":"https:\/\/www.sdhlochkov.cz\/index.php\/wp-json\/wp\/v2\/pages\/79\/revisions\/641"}],"wp:attachment":[{"href":"https:\/\/www.sdhlochkov.cz\/index.php\/wp-json\/wp\/v2\/media?parent=79"}],"curies":[{"name":"wp","href":"https:\/\/api.w.org\/{rel}","templated":true}]}}