{"id":26,"date":"2024-01-15T19:42:00","date_gmt":"2024-01-15T18:42:00","guid":{"rendered":"http:\/\/sdhlochkov.js-klima.cz\/?page_id=26"},"modified":"2026-01-29T08:06:05","modified_gmt":"2026-01-29T07:06:05","slug":"kontakty","status":"publish","type":"page","link":"https:\/\/www.sdhlochkov.cz\/index.php\/kontakty\/","title":{"rendered":"Kontakty"},"content":{"rendered":"\n<div class=\"wp-block-group\"><div class=\"wp-block-group__inner-container\">\n<figure class=\"wp-block-table is-style-regular\"><table class=\"has-subtle-pale-blue-background-color has-background\"><tbody><tr><th><sup>Velitel JSDH<\/sup><\/th><td><sup>Karel P\u00e1nek<\/sup><\/td><td><sup>602291525<\/sup> <\/td><td><sup>velitel.lochkov@seznam.cz<\/sup><\/td><\/tr><tr><th><sup>Starosta SDH<\/sup><\/th><td><sup>Pavel Kvasnovsk\u00fd<\/sup><\/td><td><sup>602320452<\/sup> <\/td><td><em><sup>starosta.sdhlochkov@seznam.cz<\/sup><\/em><\/td><\/tr><tr><th><sup>N\u00e1m\u011bstek SDH<\/sup><\/th><td><sup>Vladim\u00edr Dolej\u0161\u00ed<\/sup><\/td><td><sup>606628260<\/sup> <\/td><td><em><sup>namestek.sdhlochkov@seznam.cz<\/sup><\/em><\/td><\/tr><tr><th><strong><sub>Jednatel<\/sub> <sub>SDH<\/sub><\/strong><\/th><td><sup><sub>Kate\u0159ina Heroutov\u00e1<\/sub><\/sup><\/td><td><sub><sup>728943926<\/sup> <\/sub><\/td><td><em><sup><sub>jednatel.sdhlochkov@seznam.cz<\/sub><\/sup><\/em><\/td><\/tr><tr><td><sup><sub><strong>Vedouc\u00ed ml\u00e1de\u017ee<\/strong><\/sub><\/sup><\/td><td><sup><sub>Ond\u0159ej Valtr<\/sub><\/sup><\/td><td><sub><sup>737826548<\/sup> <\/sub><\/td><td><em><sup><sub>mladez.sdhlochkov@seznam.cz<\/sub><\/sup><\/em><\/td><\/tr><\/tbody><\/table><\/figure>\n<\/div><\/div>\n\n\n\n<p>&#8230;a m\u00e1me i <a href=\"https:\/\/www.facebook.com\/SDHLochkov\/\" target=\"_blank\" rel=\"noreferrer noopener\">Facebook <\/a><\/p>\n\n\n\n<figure class=\"wp-block-image size-large is-style-default\"><img loading=\"lazy\" width=\"260\" height=\"260\" src=\"https:\/\/www.sdhlochkov.cz\/wp-content\/uploads\/2024\/02\/qr_code-1.png\" alt=\"\" class=\"wp-image-449\" srcset=\"https:\/\/www.sdhlochkov.cz\/wp-content\/uploads\/2024\/02\/qr_code-1.png 260w, https:\/\/www.sdhlochkov.cz\/wp-content\/uploads\/2024\/02\/qr_code-1-150x150.png 150w, https:\/\/www.sdhlochkov.cz\/wp-content\/uploads\/2024\/02\/qr_code-1-100x100.png 100w\" sizes=\"(max-width: 260px) 100vw, 260px\" \/><figcaption>QR k\u00f3d pro platbu <br>Nebo \u010d\u00edslo \u00fa\u010dtu: <strong>2501352476\/2010<\/strong> <strong>(<\/strong>majitel \u00fa\u010dtu: SH \u010cMS &#8211; Sbor dobrovoln\u00fdch hasi\u010d\u016f Praha &#8211; Lochkov)<\/figcaption><\/figure>\n\n\n\n<p style=\"line-height:0\">SH \u010cMS -Sbor dobrovoln\u00fdch hasi\u010d\u016f Praha &#8211; Lochkov  <\/p>\n\n\n\n<p>I\u010c: 67364781 <\/p>\n\n\n\n<p style=\"line-height:0\">S\u00eddlo: K Lahovsk\u00e9 193, Lochkov, 154 00 Praha 5<\/p>\n","protected":false},"excerpt":{"rendered":"<p>&#8230;a m\u00e1me i Facebook SH \u010cMS -Sbor dobrovoln\u00fdch hasi\u010d\u016f Praha &#8211; Lochkov I\u010c: 67364781 S\u00eddlo: K Lahovsk\u00e9 193, Lochkov, 154 00 Praha 5<\/p>\n","protected":false},"author":8,"featured_media":0,"parent":0,"menu_order":0,"comment_status":"closed","ping_status":"closed","template":"","meta":[],"_links":{"self":[{"href":"https:\/\/www.sdhlochkov.cz\/index.php\/wp-json\/wp\/v2\/pages\/26"}],"collection":[{"href":"https:\/\/www.sdhlochkov.cz\/index.php\/wp-json\/wp\/v2\/pages"}],"about":[{"href":"https:\/\/www.sdhlochkov.cz\/index.php\/wp-json\/wp\/v2\/types\/page"}],"author":[{"embeddable":true,"href":"https:\/\/www.sdhlochkov.cz\/index.php\/wp-json\/wp\/v2\/users\/8"}],"replies":[{"embeddable":true,"href":"https:\/\/www.sdhlochkov.cz\/index.php\/wp-json\/wp\/v2\/comments?post=26"}],"version-history":[{"count":28,"href":"https:\/\/www.sdhlochkov.cz\/index.php\/wp-json\/wp\/v2\/pages\/26\/revisions"}],"predecessor-version":[{"id":617,"href":"https:\/\/www.sdhlochkov.cz\/index.php\/wp-json\/wp\/v2\/pages\/26\/revisions\/617"}],"wp:attachment":[{"href":"https:\/\/www.sdhlochkov.cz\/index.php\/wp-json\/wp\/v2\/media?parent=26"}],"curies":[{"name":"wp","href":"https:\/\/api.w.org\/{rel}","templated":true}]}}