{"id":25,"date":"2024-01-15T19:42:00","date_gmt":"2024-01-15T18:42:00","guid":{"rendered":"http:\/\/sdhlochkov.js-klima.cz\/?page_id=25"},"modified":"2025-08-26T05:54:02","modified_gmt":"2025-08-26T03:54:02","slug":"chces-k-nam","status":"publish","type":"page","link":"https:\/\/www.sdhlochkov.cz\/index.php\/chces-k-nam\/","title":{"rendered":"Chce\u0161 k n\u00e1m?"},"content":{"rendered":"\n<p>Zaujala T\u011b na\u0161e \u010dinnost, mysl\u00ed\u0161 si, \u017ee m\u00e1 smysl, a cht\u011bl by ses j\u00ed za\u010d\u00edt v\u011bnovat tak\u00e9? Chce\u0161 potkat super partu lid\u00ed, kter\u00e1 se Ti \u010dasem (a\u0165 chce\u0161 nebo ne) stane druhou rodinou? <\/p>\n\n\n\n<p>Tak mrkni do sekce <a href=\"https:\/\/www.sdhlochkov.cz\/index.php\/kontakty\/\" data-type=\"URL\" data-id=\"https:\/\/www.sdhlochkov.cz\/index.php\/kontakty\/\">Kontakty<\/a>, napi\u0161 na n\u00e1\u0161 e-mail a n\u011bkdo Ti ur\u010dit\u011b porad\u00ed, co s t\u00edm. A nebo se p\u0159ij\u010f rovnou uk\u00e1zat k n\u00e1m na hasi\u010d\u00e1rnu, ve st\u0159edu od 17.00 tu v\u011bt\u0161inou n\u011bkdo bude.<\/p>\n\n\n\n<figure class=\"wp-block-image size-large\"><img loading=\"lazy\" width=\"724\" height=\"1024\" src=\"https:\/\/www.sdhlochkov.cz\/wp-content\/uploads\/2025\/08\/Nabor-deti-Lochkov-724x1024.jpg\" alt=\"\" class=\"wp-image-595\" srcset=\"https:\/\/www.sdhlochkov.cz\/wp-content\/uploads\/2025\/08\/Nabor-deti-Lochkov-724x1024.jpg 724w, https:\/\/www.sdhlochkov.cz\/wp-content\/uploads\/2025\/08\/Nabor-deti-Lochkov-212x300.jpg 212w, https:\/\/www.sdhlochkov.cz\/wp-content\/uploads\/2025\/08\/Nabor-deti-Lochkov-768x1086.jpg 768w, https:\/\/www.sdhlochkov.cz\/wp-content\/uploads\/2025\/08\/Nabor-deti-Lochkov-1087x1536.jpg 1087w, https:\/\/www.sdhlochkov.cz\/wp-content\/uploads\/2025\/08\/Nabor-deti-Lochkov.jpg 1415w\" sizes=\"(max-width: 724px) 100vw, 724px\" \/><\/figure>\n","protected":false},"excerpt":{"rendered":"<p>Zaujala T\u011b na\u0161e \u010dinnost, mysl\u00ed\u0161 si, \u017ee m\u00e1 smysl, a cht\u011bl by ses j\u00ed za\u010d\u00edt v\u011bnovat tak\u00e9? Chce\u0161 potkat super partu lid\u00ed, kter\u00e1 se Ti \u010dasem (a\u0165 chce\u0161 nebo ne) stane druhou rodinou? Tak mrkni do sekce Kontakty, napi\u0161 na n\u00e1\u0161 e-mail a n\u011bkdo Ti ur\u010dit\u011b porad\u00ed, co s t\u00edm. A nebo se p\u0159ij\u010f rovnou &hellip; <\/p>\n<p class=\"link-more\"><a href=\"https:\/\/www.sdhlochkov.cz\/index.php\/chces-k-nam\/\" class=\"more-link\">Continue reading<span class=\"screen-reader-text\"> &#8222;Chce\u0161 k n\u00e1m?&#8220;<\/span><\/a><\/p>\n","protected":false},"author":8,"featured_media":0,"parent":0,"menu_order":0,"comment_status":"closed","ping_status":"closed","template":"","meta":[],"_links":{"self":[{"href":"https:\/\/www.sdhlochkov.cz\/index.php\/wp-json\/wp\/v2\/pages\/25"}],"collection":[{"href":"https:\/\/www.sdhlochkov.cz\/index.php\/wp-json\/wp\/v2\/pages"}],"about":[{"href":"https:\/\/www.sdhlochkov.cz\/index.php\/wp-json\/wp\/v2\/types\/page"}],"author":[{"embeddable":true,"href":"https:\/\/www.sdhlochkov.cz\/index.php\/wp-json\/wp\/v2\/users\/8"}],"replies":[{"embeddable":true,"href":"https:\/\/www.sdhlochkov.cz\/index.php\/wp-json\/wp\/v2\/comments?post=25"}],"version-history":[{"count":12,"href":"https:\/\/www.sdhlochkov.cz\/index.php\/wp-json\/wp\/v2\/pages\/25\/revisions"}],"predecessor-version":[{"id":596,"href":"https:\/\/www.sdhlochkov.cz\/index.php\/wp-json\/wp\/v2\/pages\/25\/revisions\/596"}],"wp:attachment":[{"href":"https:\/\/www.sdhlochkov.cz\/index.php\/wp-json\/wp\/v2\/media?parent=25"}],"curies":[{"name":"wp","href":"https:\/\/api.w.org\/{rel}","templated":true}]}}