{"id":24,"date":"2021-03-01T19:42:42","date_gmt":"2021-03-01T18:42:42","guid":{"rendered":"http:\/\/sdhlochkov.js-klima.cz\/?page_id=24"},"modified":"2021-12-22T17:00:28","modified_gmt":"2021-12-22T16:00:28","slug":"kdo-jsme","status":"publish","type":"page","link":"https:\/\/www.sdhlochkov.cz\/index.php\/kdo-jsme\/","title":{"rendered":"Kdo jsme"},"content":{"rendered":"\n<p>Tak p\u0159edn\u011b: jsme hasi\u010di. A\u0165 chcete nebo ne. R\u00e1di pom\u00e1h\u00e1me lidem, po\u0159\u00e1d\u00e1me pro n\u011b r\u016fzn\u00e9 akce, tak\u00e9 vedeme d\u011bti ke sportu, pom\u00e1h\u00e1me na\u0161\u00ed m\u011bstsk\u00e9 \u010d\u00e1sti&#8230;<\/p>\n\n\n\n<p>A te\u010f v\u00e1\u017en\u011b: dobrovoln\u00ed hasi\u010di se d\u011bl\u00ed v z\u00e1sad\u011b do dvou instituc\u00ed &#8211; SDH (Sbor dobrovoln\u00fdch hasi\u010d\u016f) a JSDH (Jednotka sboru dobrovoln\u00fdch hasi\u010d\u016f). Podobn\u00e9 n\u00e1zvy, rozd\u00edln\u00e1 \u010dinnost. Zat\u00edmco SDH jsou ob\u010dansk\u00e1 sdru\u017een\u00ed zab\u00fdvaj\u00edc\u00ed se problematikou po\u017e\u00e1rn\u00ed ochrany, organizuj\u00edc\u00ed \u010dinnost Mlad\u00fdch hasi\u010d\u016f, po\u0159\u00e1daj\u00edc\u00ed r\u016fzn\u00e9 kulturn\u00ed akce ve sv\u00fdch obc\u00edch a obecn\u011b pe\u010duj\u00edc\u00ed o historick\u00fd odkaz hasi\u010dsk\u00e9ho hnut\u00ed, \u010dlenov\u00e9 JSDH pat\u0159\u00ed mezi ty hasi\u010de, kter\u00e9 m\u016f\u017eete potkat u mimo\u0159\u00e1dn\u00fdch ud\u00e1lost\u00ed (ti jezd\u00ed v t\u011bch kr\u00e1sn\u00fdch velk\u00fdch \u010derven\u00fdch autech s maj\u00e1ky). Nicm\u00e9n\u011b v mnoha p\u0159\u00edpadech (a v Lochkov\u011b tomu nen\u00ed jinak) jsou \u010dlenov\u00e9 JSDH i \u010dleny m\u00edstn\u00edho SDH. <\/p>\n\n\n\n<p>Jednodu\u0161e: jsme prost\u011b parta lid\u00ed, kte\u0159\u00ed r\u00e1di d\u011blaj\u00ed n\u011bco u\u017eite\u010dn\u00e9ho.<\/p>\n","protected":false},"excerpt":{"rendered":"<p>Tak p\u0159edn\u011b: jsme hasi\u010di. A\u0165 chcete nebo ne. R\u00e1di pom\u00e1h\u00e1me lidem, po\u0159\u00e1d\u00e1me pro n\u011b r\u016fzn\u00e9 akce, tak\u00e9 vedeme d\u011bti ke sportu, pom\u00e1h\u00e1me na\u0161\u00ed m\u011bstsk\u00e9 \u010d\u00e1sti&#8230; A te\u010f v\u00e1\u017en\u011b: dobrovoln\u00ed hasi\u010di se d\u011bl\u00ed v z\u00e1sad\u011b do dvou instituc\u00ed &#8211; SDH (Sbor dobrovoln\u00fdch hasi\u010d\u016f) a JSDH (Jednotka sboru dobrovoln\u00fdch hasi\u010d\u016f). Podobn\u00e9 n\u00e1zvy, rozd\u00edln\u00e1 \u010dinnost. Zat\u00edmco SDH jsou &hellip; <\/p>\n<p class=\"link-more\"><a href=\"https:\/\/www.sdhlochkov.cz\/index.php\/kdo-jsme\/\" class=\"more-link\">Continue reading<span class=\"screen-reader-text\"> &#8222;Kdo jsme&#8220;<\/span><\/a><\/p>\n","protected":false},"author":1,"featured_media":0,"parent":0,"menu_order":0,"comment_status":"closed","ping_status":"closed","template":"","meta":[],"_links":{"self":[{"href":"https:\/\/www.sdhlochkov.cz\/index.php\/wp-json\/wp\/v2\/pages\/24"}],"collection":[{"href":"https:\/\/www.sdhlochkov.cz\/index.php\/wp-json\/wp\/v2\/pages"}],"about":[{"href":"https:\/\/www.sdhlochkov.cz\/index.php\/wp-json\/wp\/v2\/types\/page"}],"author":[{"embeddable":true,"href":"https:\/\/www.sdhlochkov.cz\/index.php\/wp-json\/wp\/v2\/users\/1"}],"replies":[{"embeddable":true,"href":"https:\/\/www.sdhlochkov.cz\/index.php\/wp-json\/wp\/v2\/comments?post=24"}],"version-history":[{"count":6,"href":"https:\/\/www.sdhlochkov.cz\/index.php\/wp-json\/wp\/v2\/pages\/24\/revisions"}],"predecessor-version":[{"id":195,"href":"https:\/\/www.sdhlochkov.cz\/index.php\/wp-json\/wp\/v2\/pages\/24\/revisions\/195"}],"wp:attachment":[{"href":"https:\/\/www.sdhlochkov.cz\/index.php\/wp-json\/wp\/v2\/media?parent=24"}],"curies":[{"name":"wp","href":"https:\/\/api.w.org\/{rel}","templated":true}]}}