{"id":23,"date":"2021-03-01T19:42:41","date_gmt":"2021-03-01T18:42:41","guid":{"rendered":"http:\/\/sdhlochkov.js-klima.cz\/?page_id=23"},"modified":"2024-02-14T12:54:48","modified_gmt":"2024-02-14T11:54:48","slug":"z-nasich-akci","status":"publish","type":"page","link":"https:\/\/www.sdhlochkov.cz\/index.php\/z-nasich-akci\/","title":{"rendered":"Na\u0161e akce"},"content":{"rendered":"\n<p>&#8230;kter\u00e9 vcelku pravideln\u011b (spolu)po\u0159\u00e1dali nebo kter\u00fdch se \u00fa\u010dastn\u00edme aneb na co se m\u016f\u017eete t\u011b\u0161it:<\/p>\n\n\n\n<p><strong>KARNEVAL <\/strong><br>Rej masek pro d\u011bti i dosp\u011bl\u00e9 se pravideln\u011b konal na p\u0159elomu \u00fanora a b\u0159ezna. Takov\u00fd hezk\u00fd vstup do \u0159ady akc\u00ed n\u00e1mi po\u0159\u00e1dan\u00fdch v pr\u016fb\u011bhu cel\u00e9ho roku.<\/p>\n\n\n\n<p><strong>LOCHKOVSK\u00c9 KOLMO<\/strong><br>Dopravn\u011b bezpe\u010dnostn\u00ed akce realizovan\u00e1 na po\u010d\u00e1tku dubna, zam\u011b\u0159en\u00e1 na bezpe\u010dnost v oblasti j\u00edzdy na kole a obdobn\u00fdch vlastn\u00ed silou hnan\u00fdch prost\u0159edc\u00edch. <\/p>\n\n\n\n<p><strong>P\u00c1LEN\u00cd \u010cAROD\u011aJNIC<\/strong><br>Ud\u011blat velk\u00fd ohe\u0148? Kdy jindy, ne\u017e 30. dubna, kde jinde, ne\u017e v Lochkov\u011b, jak jinak, ne\u017e pod dozorem hasi\u010d\u016f&#8230;<\/p>\n\n\n\n<p><strong>DEN IZS V RADOT\u00cdN\u011a<\/strong><br>Kam m\u00e1m j\u00edt, kdy\u017e chci vid\u011bt hodn\u011b hasi\u010d\u016f, policist\u016f, z\u00e1chran\u00e1\u0159\u016f, aut s maj\u00e1ky, uk\u00e1zek pr\u00e1ce z\u00e1chrann\u00fdch slo\u017eek a hodn\u011b dal\u0161\u00edho? No p\u0159ece na den IZS. A kdy\u017e tam chci vid\u011bt i lochkovsk\u00e9 hasi\u010de? No p\u0159ece na den IZS do Radot\u00edna.<\/p>\n\n\n\n<p><strong>DEN IZS V HOLE\u0160OVIC\u00cdCH<\/strong><br>Kam m\u00e1m j\u00edt, kdy\u017e chci vid\u011bt JE\u0160T\u011a V\u00cdC hasi\u010d\u016f, policist\u016f, z\u00e1chran\u00e1\u0159\u016f, aut s maj\u00e1ky, uk\u00e1zek pr\u00e1ce z\u00e1chrann\u00fdch slo\u017eek, a str\u00e1vit skv\u011bl\u00fd den? No p\u0159ece na den IZS na hole\u0161ovick\u00e9m V\u00fdstavi\u0161ti. A dost mo\u017en\u00e1 tam n\u011bkde budeme i my&#8230;<\/p>\n\n\n\n<p><strong>LOCHKOVSK\u00c9 SLAVNOSTI<\/strong><br>Ji\u017e legend\u00e1rn\u00ed akce v lochkovsk\u00e9m parku. P\u0159edstavte si za\u010d\u00e1tek l\u00e9ta, skv\u011bl\u00e9 j\u00eddlo i pit\u00ed, uk\u00e1zky techniky a pr\u00e1ce IZS, hry a sout\u011b\u017ee pro d\u011bti, diskot\u00e9ku pod \u0161ir\u00fdm nebem&#8230; p\u0159edstavujete si? Tak takhle n\u011bjak takov\u00e9 typick\u00e9 Lochkovsk\u00e9 slavnosti vypadaj\u00ed.<\/p>\n\n\n\n<p><strong>B\u011aH SLAVI\u010c\u00cdM \u00daDOL\u00cdM<\/strong><br>Sportovn\u00ed ud\u00e1lost pro \u0161irokou ve\u0159ejnost. Co takhle prob\u011bhnout se na sklonku l\u00e9ta kr\u00e1sn\u00fdm prost\u0159ed\u00edm Slavi\u010d\u00edho \u00fadol\u00ed? Ale pozor, jenom b\u011bh nesta\u010d\u00ed, na trase \u010dek\u00e1 n\u011bkolik praktick\u00fdch \u00fakol\u016f.<\/p>\n\n\n\n<p><strong>ROZSV\u011aCEN\u00cd V\u00c1NO\u010cN\u00cdHO STROMU<\/strong><br>Zn\u00e1te ten vysok\u00fd strom u rybn\u00edka za knihovnou? P\u0159ed V\u00e1noci ho pravideln\u011b potaj\u00ed slavnostn\u011b zdob\u00edme a pak zcela ve\u0159ejn\u011b rozsv\u011bc\u00edme. Kr\u00e1sn\u011b str\u00e1ven\u00fd zimn\u00ed ve\u010der s atmosf\u00e9rou v\u00e1no\u010dn\u00edch trh\u016f.<\/p>\n\n\n\n<p><strong>HASI\u010cSK\u00dd B\u00c1L<\/strong><br>Jednou jsme to zkusili a pak p\u0159i\u0161el ten virus&#8230; Ale bylo to super a r\u00e1di to pro v\u00e1s zopakujeme, a\u017e to zase p\u016fjde a letos to zase p\u016fjde tak\u017ee se t\u011b\u0161\u00edme 16. 3. 2024 od 19:00 hod<\/p>\n","protected":false},"excerpt":{"rendered":"<p>&#8230;kter\u00e9 vcelku pravideln\u011b (spolu)po\u0159\u00e1dali nebo kter\u00fdch se \u00fa\u010dastn\u00edme aneb na co se m\u016f\u017eete t\u011b\u0161it: KARNEVAL Rej masek pro d\u011bti i dosp\u011bl\u00e9 se pravideln\u011b konal na p\u0159elomu \u00fanora a b\u0159ezna. Takov\u00fd hezk\u00fd vstup do \u0159ady akc\u00ed n\u00e1mi po\u0159\u00e1dan\u00fdch v pr\u016fb\u011bhu cel\u00e9ho roku. LOCHKOVSK\u00c9 KOLMODopravn\u011b bezpe\u010dnostn\u00ed akce realizovan\u00e1 na po\u010d\u00e1tku dubna, zam\u011b\u0159en\u00e1 na bezpe\u010dnost v oblasti j\u00edzdy &hellip; <\/p>\n<p class=\"link-more\"><a href=\"https:\/\/www.sdhlochkov.cz\/index.php\/z-nasich-akci\/\" class=\"more-link\">Continue reading<span class=\"screen-reader-text\"> &#8222;Na\u0161e akce&#8220;<\/span><\/a><\/p>\n","protected":false},"author":1,"featured_media":0,"parent":0,"menu_order":0,"comment_status":"closed","ping_status":"closed","template":"","meta":[],"_links":{"self":[{"href":"https:\/\/www.sdhlochkov.cz\/index.php\/wp-json\/wp\/v2\/pages\/23"}],"collection":[{"href":"https:\/\/www.sdhlochkov.cz\/index.php\/wp-json\/wp\/v2\/pages"}],"about":[{"href":"https:\/\/www.sdhlochkov.cz\/index.php\/wp-json\/wp\/v2\/types\/page"}],"author":[{"embeddable":true,"href":"https:\/\/www.sdhlochkov.cz\/index.php\/wp-json\/wp\/v2\/users\/1"}],"replies":[{"embeddable":true,"href":"https:\/\/www.sdhlochkov.cz\/index.php\/wp-json\/wp\/v2\/comments?post=23"}],"version-history":[{"count":17,"href":"https:\/\/www.sdhlochkov.cz\/index.php\/wp-json\/wp\/v2\/pages\/23\/revisions"}],"predecessor-version":[{"id":457,"href":"https:\/\/www.sdhlochkov.cz\/index.php\/wp-json\/wp\/v2\/pages\/23\/revisions\/457"}],"wp:attachment":[{"href":"https:\/\/www.sdhlochkov.cz\/index.php\/wp-json\/wp\/v2\/media?parent=23"}],"curies":[{"name":"wp","href":"https:\/\/api.w.org\/{rel}","templated":true}]}}