{"id":18,"date":"2021-03-01T19:42:40","date_gmt":"2021-03-01T18:42:40","guid":{"rendered":"http:\/\/sdhlochkov.js-klima.cz\/?page_id=18"},"modified":"2021-11-23T18:45:32","modified_gmt":"2021-11-23T17:45:32","slug":"historie","status":"publish","type":"page","link":"https:\/\/www.sdhlochkov.cz\/index.php\/historie\/","title":{"rendered":"Historie"},"content":{"rendered":"\n<p><strong><em>Zalo\u017een\u00ed a prvopo\u010d\u00e1tky sboru<\/em><\/strong><\/p>\n\n\n\n<p><em>(\u010derp\u00e1no z&nbsp;pam\u00e1te\u010dn\u00ed kroniky)<\/em><\/p>\n\n\n\n<p><em>Z\u0159\u00edzen\u00ed sboru dobrovoln\u00fdch hasi\u010d\u016f v Lochkov\u011b urychlily po\u017e\u00e1ry dne 18.&nbsp;b\u0159ezna a 16. dubna roku 1890. Dne 18. b\u0159ezna vyho\u0159el b\u00fdval\u00fd pivovar, pat\u0159\u00edc\u00ed velkostatk\u00e1\u0159i panu Karlu Kirschnerovi. D\u00edky usilovn\u00e9 pr\u00e1ci hasi\u010d\u016f sliveneck\u00fdch a radot\u00ednsk\u00fdch bylo zachr\u00e1n\u011bno pansk\u00e9 obydl\u00ed s pivovarem soused\u00edc\u00ed a ji\u017e chytaj\u00edc\u00ed. Velik\u00e9 nebezpe\u010d\u00ed hrozilo tehdy hospod\u00e1\u0159sk\u00fdm staven\u00edm pan\u00ed Anny Pet\u0159\u00ed\u010dkov\u00e9 a staven\u00edm v tom sm\u011bru le\u017e\u00edc\u00edm. Dne 16. dubna ho\u0159ely pansk\u00e9 stodoly. Tu byla ohro\u017eena skoro cel\u00e1 obec, nebo\u0165 v\u00edtr t\u00e1hl na ves od&nbsp;ho\u0159\u00edc\u00edch stodol. T\u011bmi po\u017e\u00e1ry velmi rozru\u0161ena byla mysl obyvatelstva lochkovsk\u00e9ho a z mnoh\u00fdch stran oz\u00fdvalo se p\u0159\u00e1n\u00ed, aby zakoupena byla st\u0159\u00edka\u010dka i aby z\u0159\u00edzen byl sbor dobrovoln\u00fdch hasi\u010d\u016f. V\u011bci r\u00e1zn\u011b chopil se obecn\u00ed starosta pan V\u00e1clav Vorl\u00ed\u010dek a podporov\u00e1n ob\u010dany stejn\u011b sm\u00fd\u0161lej\u00edc\u00edmi neust\u00e1l, a\u017e&nbsp;st\u0159\u00edka\u010dka od R. A. Smekala na Sm\u00edchov\u011b za 600 zlat\u00fdch koupena byla a&nbsp;ku&nbsp;sboru zalo\u017een\u00ed, p\u0159ikro\u010deno bylo.<\/em><\/p>\n\n\n\n<p><em>Ji\u017e dne 4. kv\u011btna vyb\u00eddl obecn\u00ed starosta pan V\u00e1clav Vorl\u00ed\u010dek ty, kdo\u017e by&nbsp;se&nbsp;\u010dinn\u00fdmi \u010dleny hasi\u010dsk\u00e9ho sboru st\u00e1ti cht\u011bli. P\u0159ihl\u00e1sili se n\u00e1sleduj\u00edc\u00ed: V\u00e1clav Arnold, Josef Bejlek, Franti\u0161ek Burl, Anton\u00edn C\u00edsa\u0159, Bed\u0159ich Eckstein, Augustin Fl\u00fcgel, V\u00e1clav Halada, V\u00e1clav Karoch, Jan Kr\u00e1l, Martin Ma\u0161ek, Anton\u00edn M\u00e1ra, V\u00e1clav Nerad, Anton\u00edn Pet\u0159\u00ed\u010dek, Josef Pet\u0159\u00ed\u010dek, Josef \u0158\u00edha, V\u00e1clav \u0160arboch, Anton\u00edn Vo\u0161ahl\u00edk a Josef \u017dufn\u00ed\u010dek.<\/em><\/p>\n\n\n\n<p><em>Dne <strong>14. z\u00e1\u0159\u00ed 1890 <\/strong>byly provedeny volby: starosta Josef Ma\u0161ek, velitel Josef \u017dufn\u00ed\u010dek, podvelitel Anton\u00edn Vo\u0161ahl\u00edk, jednatel Anton\u00edn M\u00e1ra, pokladn\u00edk Augustin Fl\u00fcgel. Prvn\u00ed ve\u0159ejn\u00e9 cvi\u010den\u00ed se konalo 21. z\u00e1\u0159\u00ed 1890. Ji\u017e o p\u00e1t\u00e9 hodin\u011b rann\u00ed proch\u00e1z\u00ed vesel\u00e1 hudba obc\u00ed bud\u00edc lid ku slavnostn\u00edmu dni. Jako prozat\u00edmn\u00ed zbrojnice slou\u017eila k\u016flna pana V\u00e1clava Vorl\u00ed\u010dka, ozdoben\u00e1 pro tento den heslem: \u201eMoje barva je \u010derven\u00e1 a b\u00edl\u00e1, moje heslo state\u010dnost a s\u00edla.\u201c O p\u016fl osm\u00e9 nastoupil sbor se st\u0159\u00edka\u010dkou cestu do Slivence ke slu\u017eb\u00e1m bo\u017e\u00edm, po nich\u017e d\u016fstojn\u00fd pan far\u00e1\u0159, p. Karel Havr\u00e1nek, stroj vysv\u011btil a p\u0159ipojiv modlitbu, aby&nbsp;V\u0161emohouc\u00ed r\u00e1\u010dil chr\u00e1niti obec lochkovskou od zhoubn\u00e9ho po\u017e\u00e1ru.<\/em><\/p>\n\n\n\n<p><em>Sbor pracoval a vyv\u00edjel velmi dobrou \u010dinnost do vzniku <strong>prv\u00e9 sv\u011btov\u00e9 v\u00e1lky<\/strong>, kdy v\u011bt\u0161ina \u010dlen\u016f byla povol\u00e1na do arm\u00e1dy. \u010cinnost sboru byla siln\u011b naru\u0161ena ve v\u00e1le\u010dn\u00e9m d\u011bn\u00ed i po skon\u010den\u00ed v\u00e1lky. N\u011bkte\u0159\u00ed \u010dlenov\u00e9 se nevr\u00e1tili v\u016fbec, a ti, kte\u0159\u00ed ve zdrav\u00ed p\u0159e\u017eili, za\u010dali s novou chut\u00ed obnovovat pr\u00e1ci sboru. P\u00edl\u00ed a cvi\u010den\u00edm se dostal sbor op\u011bt mezi prvn\u00ed sbory v okol\u00ed<\/em><\/p>\n\n\n\n<figure class=\"wp-block-image size-large\"><img loading=\"lazy\" width=\"300\" height=\"212\" src=\"http:\/\/sdhlochkov.js-klima.cz\/wp-content\/uploads\/2021\/11\/IMG_0647-300x212-1.jpg\" alt=\"\" class=\"wp-image-163\"\/><\/figure>\n\n\n\n<p><strong><em>Od prvn\u00ed republiky po druhou sv\u011btovou v\u00e1lku<\/em><\/strong><\/p>\n\n\n\n<p><em>V nov\u011b utvo\u0159en\u00e9 <strong>\u010ceskoslovensk\u00e9 republice<\/strong> pracovali \u010dlenov\u00e9 sboru s&nbsp;je\u0161t\u011b v\u011bt\u0161\u00edm el\u00e1nem a vypracovali se mezi p\u0159edn\u00ed sbory v \u017eup\u011b Kaz\u00edn. Velkou pob\u00eddkou v t\u00e9to \u010dinnosti byl okrskov\u00fd velitel Josef \u017dufn\u00ed\u010dek. Velk\u00fdm p\u0159\u00ednosem byl i tehdej\u0161\u00ed velitel sboru Anton\u00edn M\u00e1ra, kter\u00fd sv\u00fdm vystupov\u00e1n\u00edm a p\u0159\u00edkladnou prac\u00ed ve sboru \u010dleny podn\u011bcoval k dobr\u00e9 pr\u00e1ci. K t\u00e9to jejich \u010dinnosti byla st\u00e1vaj\u00edc\u00ed zbrojnice nevyhovuj\u00edc\u00ed a bylo rozhodnuto \u010dleny sboru postavit zbrojnici novou. Tohoto \u00fakolu se zhostili \u010dlenov\u00e9 sboru velmi dob\u0159e a dokladem toho bylo, \u017ee v roce <strong>1930 byla nov\u00e1 zbrojnice otev\u0159ena<\/strong>. Dobr\u00e1 a ob\u011btav\u00e1 pr\u00e1ce mu\u017e\u016f na\u0161la odezvu i mezi \u017eenami a ml\u00e1de\u017e\u00ed a do\u0161lo k zalo\u017een\u00ed dru\u017estev dorostu a \u017een.<\/em><\/p>\n\n\n\n<p><em>V obdob\u00ed <strong>druh\u00e9 sv\u011btov\u00e9 v\u00e1lky <\/strong>pracoval sbor podle dan\u00e9 situace, neb&nbsp;n\u011bkte\u0159\u00ed \u010dlenov\u00e9 sboru byli nasazeni na nucen\u00e9 pr\u00e1ce do N\u011bmecka. V obdob\u00ed okupace byli mlad\u00ed ob\u010dan\u00e9 najmenov\u00e1ni do hasi\u010dsk\u00e9ho sboru a n\u011bkte\u0159\u00ed pracovali ve sboru pot\u00e9 dlouhodob\u011b. Okupace semkla ob\u010dany obce s hasi\u010dsk\u00fdm sborem a byla zakoupena motorov\u00e1 st\u0159\u00edka\u010dka za finan\u010dn\u00ed podpory v\u0161ech ob\u010dan\u016f a korporac\u00ed.<\/em><\/p>\n\n\n\n<p><strong><em>Druh\u00e1 polovina 20. stolet\u00ed<\/em><\/strong><\/p>\n\n\n\n<p><em>Po <strong>osvobozen\u00ed <\/strong>se \u010dinnost sboru dob\u0159e rozv\u00edjela a sbor m\u011bl 188 \u010dlen\u016f. V&nbsp;roce 1949 bylo zakoupeno n\u00e1kladn\u00ed auto a p\u0159ed\u011bl\u00e1no na po\u017e\u00e1rn\u00ed vozidlo. V&nbsp;roce 1955 bylo z\u00edsk\u00e1no auto zn. Phenomen a v roce 1963 auto zn. Tatra S&nbsp;05. Dob\u0159e pracovaly tak\u00e9 \u017eeny a dokladem toho byl z\u00e1sah u po\u017e\u00e1ru stodoly p.&nbsp;R\u016f\u017ei\u010dky ve Slivenci.<\/em><\/p>\n\n\n\n<p><strong><em>Ml\u00e1de\u017e<\/em><\/strong><em> pracovala od roku 1950 do 1966 a pod veden\u00edm Franti\u0161ka Kudrny, byla chloubou obce. Na okrese se \u0159adila mezi nejlep\u0161\u00ed dru\u017estva ml\u00e1de\u017ee a&nbsp;p\u0159isp\u00edvala nejen cvi\u010den\u00edm ale i \u010di\u0161t\u011bn\u00edm kanalizace, s\u00e1zen\u00edm stromk\u016f i<\/em>&nbsp;<em>kulturn\u00edmi podniky sm\u011b\u0159uj\u00edc\u00edmi k v\u00fdchov\u011b a prevenci po\u017e\u00e1rn\u00ed ochrany.<\/em><\/p>\n\n\n\n<p><em>V roce 1958 do\u0161lo ke stavb\u011b <strong>nov\u00e9 zbrojnice<\/strong>. Pod\u00edleli se na n\u00ed ob\u010dan\u00e9 cel\u00e9 obce. D\u00edky t\u00e9to ob\u011btav\u00e9 pr\u00e1ci hasi\u010d\u016f a ob\u010dan\u016f byla zbrojnice slavnostn\u011b otev\u0159ena v roce <strong>1959<\/strong>.<\/em><\/p>\n\n\n\n<p><strong><em>V sedmdes\u00e1t\u00fdch a osmdes\u00e1t\u00fdch letech <\/em><\/strong><em>se sbor \u00fa\u010dastnil mnoha sout\u011b\u017e\u00ed, zejm\u00e9na Memori\u00e1lu Josefa Hole\u010dka v T\u0159ebonic\u00edch. \u00da\u010dastnil se i \u0161kolen\u00ed strojn\u00edk\u016f a velitel\u016f a po\u0159\u00e1dal r\u016fzn\u00e1 n\u00e1m\u011btov\u00e1 cvi\u010den\u00ed se sbory triumvir\u00e1tu Velk\u00e1 Chuchle \u2013 Radot\u00edn \u2013 Lochkov. \u010clenov\u00e9 sboru prov\u00e1d\u011bli tak\u00e9 pravideln\u00e9 preventivn\u00ed prohl\u00eddky v obci.<\/em><\/p>\n\n\n\n<p><em><strong>8. prosince 1982<\/strong> byl M\u00edstn\u00edm n\u00e1rodn\u00edm v\u00fdborem Praha Lochkov zakoupen po\u017e\u00e1rn\u00ed v\u016fz <strong>CAS 25 <\/strong>s kr\u00e1tkou kabinou. V n\u00e1sleduj\u00edc\u00edch letech byl p\u0159ezbrojen kabinou dlouhou. Tato cisterna slou\u017eila na\u0161emu sboru a\u017e do roku 2010.<\/em><\/p>\n\n\n\n<figure class=\"wp-block-image\"><img alt=\"\"\/><\/figure>\n\n\n\n<p><strong><em>Sou\u010dasnost<\/em><\/strong><\/p>\n\n\n\n<p><em>Do dne\u0161n\u00ed podoby se sbor za\u010dal utv\u00e1\u0159et kolem roku 2006, po p\u0159ekon\u00e1n\u00ed genera\u010dn\u00ed v\u00fdm\u011bny a p\u0159edchoz\u00edm \u00fastupu hasi\u010diny v Lochkov\u011b. Po n\u011bkolik p\u0159ede\u0161l\u00fdch let z\u016fstal ve sboru s\u00e1m jako k\u016fl v plot\u011b pouze jedin\u00fd \u010dinn\u00fd \u010dlen. Byl to pan <strong>Ladislav Bl\u00e1ha<\/strong>, kter\u00fd vykon\u00e1val funkci jednatele sboru. Ve slo\u017eit\u00fdch podm\u00ednk\u00e1ch \u201eran\u00e9ho kapitalismu\u201c v \u010cesk\u00e9 republice, kdy mnoho lid\u00ed za\u010dalo myslet sp\u00ed\u0161e na sv\u00e9 hmotn\u00e9 statky, bylo fungov\u00e1n\u00ed sboru v&nbsp;\u00fatlumu. L\u00e1\u010fa Bl\u00e1ha ne\u00fanavn\u011b pokra\u010doval v pr\u00e1ci jednatele a \u00fa\u010dastnil se akc\u00ed a shrom\u00e1\u017ed\u011bn\u00ed na p\u016fd\u011b MSH Praha, kde m\u011bl hodn\u011b kamar\u00e1d\u016f a p\u0159\u00e1tel. Pr\u00e1v\u011b on se zaslou\u017eil o n\u00e1bor nov\u00fdch \u010dlen\u016f a o znovuo\u017eiven\u00ed re\u00e1ln\u00e9 \u010dinnosti sboru. Tento v\u011brn\u00fd \u010dlen na\u0161eho sboru n\u00e1s nav\u017edy opustil dne 24. listopadu 2009 \u2013 <strong>\u201e\u010cest jeho pam\u00e1tce\u201c<\/strong>.<\/em><\/p>\n\n\n\n<p><em>V roce <strong>2006 <\/strong>byl zvolen nov\u00fd v\u00fdbor a odstartov\u00e1na nov\u00e1 \u00e9ra. Starostou sboru byl zvolen Michal Z\u00edtko. Jako prvn\u00ed byla zrevidov\u00e1na a opravena technika v\u010detn\u011b zprovozn\u011bn\u00ed automobilu CAS 25. V t\u00e9m\u017ee roce byla vytvo\u0159ena v\u00fdjezdov\u00e1 jednotka pod velen\u00edm ing. Ladislava Smutn\u00e9ho.<\/em><\/p>\n\n\n\n<figure class=\"wp-block-image size-large\"><img loading=\"lazy\" width=\"300\" height=\"224\" src=\"http:\/\/sdhlochkov.js-klima.cz\/wp-content\/uploads\/2021\/11\/tranzit.jpg\" alt=\"\" class=\"wp-image-164\"\/><\/figure>\n\n\n\n<p><em>V dne\u0161n\u00ed dob\u011b sbor po\u0159\u00e1d\u00e1 r\u016fzn\u00e9 akce pro d\u011bti, d\u011bti se \u00fa\u010dastn\u00ed hasi\u010dsk\u00fdch sout\u011b\u017e\u00ed (ZPV se konalo v&nbsp;roce 2011 v Lochkov\u011b). Jednotka se z\u00fa\u010dastnila v\u00fdznamn\u00fdch v\u00fdjezd\u016f (16.10.2008 \u2013 po\u017e\u00e1r Pr\u016fmyslov\u00e9ho pal\u00e1ce, 17.12.2010 \u2013 po\u017e\u00e1r haly v Male\u0161ic\u00edch, 07.12.2012 \u2013 po\u017e\u00e1r stodoly v Lochkov\u011b, 02.06.2013 \u2013 povodn\u011b, 19.05.2015 \u2013 po\u017e\u00e1r p\u016fdn\u00edch prostor RD v obci).&nbsp;&nbsp;Od 1. n\u00e1m\u011bstka prim\u00e1tora hl. m. Prahy JUDr. Bla\u017eka obdr\u017eel sbor \u010destn\u00e9 uzn\u00e1n\u00ed za ob\u011btavou pr\u00e1ci&nbsp;v letech 2002 a\u017e 2010. Dne 05.06.2010 jsme oslavili 120 let od zalo\u017een\u00ed sboru. Dne 17.05.2012 p\u0159evzala jednotka dopravn\u00ed dod\u00e1vkov\u00fd automobil zna\u010dky Ford. V roce 2013 byla repasov\u00e1na PS12. 05.11.2013 se jednotka um\u00edstila na 3. m\u00edst\u011b v&nbsp;sout\u011b\u017ei Dobrovoln\u00ed hasi\u010di roku 2013.&nbsp;Dne 07.06.2016 prob\u011bhly oslavy 125. v\u00fdro\u010d\u00ed sboru, kdy n\u00e1m slavnostn\u011b starosta obce p\u0159edal prapor.<\/em><\/p>\n","protected":false},"excerpt":{"rendered":"<p>Zalo\u017een\u00ed a prvopo\u010d\u00e1tky sboru (\u010derp\u00e1no z&nbsp;pam\u00e1te\u010dn\u00ed kroniky) Z\u0159\u00edzen\u00ed sboru dobrovoln\u00fdch hasi\u010d\u016f v Lochkov\u011b urychlily po\u017e\u00e1ry dne 18.&nbsp;b\u0159ezna a 16. dubna roku 1890. Dne 18. b\u0159ezna vyho\u0159el b\u00fdval\u00fd pivovar, pat\u0159\u00edc\u00ed velkostatk\u00e1\u0159i panu Karlu Kirschnerovi. D\u00edky usilovn\u00e9 pr\u00e1ci hasi\u010d\u016f sliveneck\u00fdch a radot\u00ednsk\u00fdch bylo zachr\u00e1n\u011bno pansk\u00e9 obydl\u00ed s pivovarem soused\u00edc\u00ed a ji\u017e chytaj\u00edc\u00ed. Velik\u00e9 nebezpe\u010d\u00ed hrozilo tehdy hospod\u00e1\u0159sk\u00fdm &hellip; <\/p>\n<p class=\"link-more\"><a href=\"https:\/\/www.sdhlochkov.cz\/index.php\/historie\/\" class=\"more-link\">Continue reading<span class=\"screen-reader-text\"> &#8222;Historie&#8220;<\/span><\/a><\/p>\n","protected":false},"author":1,"featured_media":0,"parent":0,"menu_order":0,"comment_status":"closed","ping_status":"closed","template":"","meta":[],"_links":{"self":[{"href":"https:\/\/www.sdhlochkov.cz\/index.php\/wp-json\/wp\/v2\/pages\/18"}],"collection":[{"href":"https:\/\/www.sdhlochkov.cz\/index.php\/wp-json\/wp\/v2\/pages"}],"about":[{"href":"https:\/\/www.sdhlochkov.cz\/index.php\/wp-json\/wp\/v2\/types\/page"}],"author":[{"embeddable":true,"href":"https:\/\/www.sdhlochkov.cz\/index.php\/wp-json\/wp\/v2\/users\/1"}],"replies":[{"embeddable":true,"href":"https:\/\/www.sdhlochkov.cz\/index.php\/wp-json\/wp\/v2\/comments?post=18"}],"version-history":[{"count":5,"href":"https:\/\/www.sdhlochkov.cz\/index.php\/wp-json\/wp\/v2\/pages\/18\/revisions"}],"predecessor-version":[{"id":165,"href":"https:\/\/www.sdhlochkov.cz\/index.php\/wp-json\/wp\/v2\/pages\/18\/revisions\/165"}],"wp:attachment":[{"href":"https:\/\/www.sdhlochkov.cz\/index.php\/wp-json\/wp\/v2\/media?parent=18"}],"curies":[{"name":"wp","href":"https:\/\/api.w.org\/{rel}","templated":true}]}}