{"id":123,"date":"2021-04-04T16:08:38","date_gmt":"2021-04-04T14:08:38","guid":{"rendered":"http:\/\/sdhlochkov.js-klima.cz\/?page_id=123"},"modified":"2024-05-17T14:03:02","modified_gmt":"2024-05-17T12:03:02","slug":"zajimave-odkazy","status":"publish","type":"page","link":"https:\/\/www.sdhlochkov.cz\/index.php\/zajimave-odkazy\/","title":{"rendered":"Zaj\u00edmav\u00e9 odkazy"},"content":{"rendered":"\n<p>&#8230;aneb co se m\u016f\u017ee hodit:<\/p>\n\n\n\n<p>PRVN\u00cd POMOC<\/p>\n\n\n\n<ul><li><a rel=\"noreferrer noopener\" href=\"https:\/\/www.zachrankaapp.cz\/\" target=\"_blank\">aplikace Z\u00e1chranka<\/a><\/li><\/ul>\n\n\n\n<p>DAL\u0160\u00cd<\/p>\n\n\n\n<ul><li><a rel=\"noreferrer noopener\" href=\"https:\/\/www.dh.cz\/\" target=\"_blank\">Sdru\u017een\u00ed hasi\u010d\u016f \u010cech, Moravy a Slezska<\/a><\/li><li><a rel=\"noreferrer noopener\" href=\"https:\/\/www.mshpraha.cz\/\" target=\"_blank\">MSH Praha<\/a><\/li><li><a rel=\"noreferrer noopener\" href=\"https:\/\/www.hzscr.cz\/\" target=\"_blank\">Hasi\u010dsk\u00fd z\u00e1chrann\u00fd sbor \u010cR &#8211; web<\/a><\/li><li><a rel=\"noreferrer noopener\" href=\"https:\/\/twitter.com\/HasiciPraha\" target=\"_blank\">Hasi\u010dsk\u00fd z\u00e1chrann\u00fd sbor hlavn\u00edho m\u011bsta Prahy<\/a><\/li><li><a rel=\"noreferrer noopener\" href=\"https:\/\/www.pozary.cz\/\" target=\"_blank\">Po\u017e\u00e1ry<\/a><\/li><li><a rel=\"noreferrer noopener\" href=\"http:\/\/praha.eu\" data-type=\"URL\" data-id=\"praha.eu\" target=\"_blank\">praha.eu<\/a><\/li><li><a href=\"https:\/\/bezpecnost.praha.eu\/\" data-type=\"URL\" data-id=\"https:\/\/bezpecnost.praha.eu\/\">https:\/\/bezpecnost.praha.eu\/<\/a><\/li><\/ul>\n\n\n\n<p><\/p>\n","protected":false},"excerpt":{"rendered":"<p>&#8230;aneb co se m\u016f\u017ee hodit: PRVN\u00cd POMOC aplikace Z\u00e1chranka DAL\u0160\u00cd Sdru\u017een\u00ed hasi\u010d\u016f \u010cech, Moravy a Slezska MSH Praha Hasi\u010dsk\u00fd z\u00e1chrann\u00fd sbor \u010cR &#8211; web Hasi\u010dsk\u00fd z\u00e1chrann\u00fd sbor hlavn\u00edho m\u011bsta Prahy Po\u017e\u00e1ry praha.eu https:\/\/bezpecnost.praha.eu\/<\/p>\n","protected":false},"author":8,"featured_media":0,"parent":0,"menu_order":0,"comment_status":"closed","ping_status":"closed","template":"","meta":[],"_links":{"self":[{"href":"https:\/\/www.sdhlochkov.cz\/index.php\/wp-json\/wp\/v2\/pages\/123"}],"collection":[{"href":"https:\/\/www.sdhlochkov.cz\/index.php\/wp-json\/wp\/v2\/pages"}],"about":[{"href":"https:\/\/www.sdhlochkov.cz\/index.php\/wp-json\/wp\/v2\/types\/page"}],"author":[{"embeddable":true,"href":"https:\/\/www.sdhlochkov.cz\/index.php\/wp-json\/wp\/v2\/users\/8"}],"replies":[{"embeddable":true,"href":"https:\/\/www.sdhlochkov.cz\/index.php\/wp-json\/wp\/v2\/comments?post=123"}],"version-history":[{"count":8,"href":"https:\/\/www.sdhlochkov.cz\/index.php\/wp-json\/wp\/v2\/pages\/123\/revisions"}],"predecessor-version":[{"id":487,"href":"https:\/\/www.sdhlochkov.cz\/index.php\/wp-json\/wp\/v2\/pages\/123\/revisions\/487"}],"wp:attachment":[{"href":"https:\/\/www.sdhlochkov.cz\/index.php\/wp-json\/wp\/v2\/media?parent=123"}],"curies":[{"name":"wp","href":"https:\/\/api.w.org\/{rel}","templated":true}]}}